{"id":129,"date":"2024-11-08T15:20:06","date_gmt":"2024-11-08T18:20:06","guid":{"rendered":"https:\/\/confitec.com.br\/girus\/?page_id=129"},"modified":"2025-01-24T15:38:54","modified_gmt":"2025-01-24T18:38:54","slug":"saiba-mais","status":"publish","type":"page","link":"https:\/\/confitec.com.br\/girus\/saiba-mais\/","title":{"rendered":"Saiba mais"},"content":{"rendered":"\n<div class=\"wp-block-uagb-container uagb-block-d5e5381e alignfull uagb-is-root-container\">\n<div class=\"wp-block-uagb-container uagb-block-2d176bec\">\n<figure class=\"wp-block-image aligncenter size-large is-resized\"><img loading=\"lazy\" decoding=\"async\" width=\"1024\" height=\"674\" src=\"https:\/\/confitec.com.br\/girus\/wp-content\/uploads\/2025\/01\/ilustracao-pag-saiba-mais-1-1024x674.png\" alt=\"\" class=\"wp-image-229\" style=\"width:auto;height:700px\" srcset=\"https:\/\/confitec.com.br\/girus\/wp-content\/uploads\/2025\/01\/ilustracao-pag-saiba-mais-1-1024x674.png 1024w, https:\/\/confitec.com.br\/girus\/wp-content\/uploads\/2025\/01\/ilustracao-pag-saiba-mais-1-300x198.png 300w, https:\/\/confitec.com.br\/girus\/wp-content\/uploads\/2025\/01\/ilustracao-pag-saiba-mais-1-768x506.png 768w, https:\/\/confitec.com.br\/girus\/wp-content\/uploads\/2025\/01\/ilustracao-pag-saiba-mais-1-1536x1011.png 1536w, https:\/\/confitec.com.br\/girus\/wp-content\/uploads\/2025\/01\/ilustracao-pag-saiba-mais-1.png 2000w\" sizes=\"auto, (max-width: 1024px) 100vw, 1024px\" \/><\/figure>\n<\/div>\n<\/div>\n\n\n\n<div class=\"wp-block-uagb-container uagb-block-ce489958 alignfull uagb-is-root-container\"><div class=\"uagb-container-inner-blocks-wrap\">\n<h2 class=\"wp-block-heading has-text-align-center has-ast-global-color-1-color has-text-color\" style=\"margin-top:60px;font-size:36px\">O que \u00e9 o GIRUS?<\/h2>\n\n\n\n<p style=\"font-size:14px\">Desde seu lan\u00e7amento, o GIRUS tem se destacado como uma ferramenta essencial para otimizar e administrar o relacionamento entre seguradoras e resseguradoras. A plataforma oferece uma abordagem abrangente que gerencia todas as fases do processo de resseguro.<br>&nbsp;<br>Uma das principais funcionalidades do GIRUS \u00e9 a automatiza\u00e7\u00e3o dos c\u00e1lculos de resseguro. A partir do cadastro detalhado dos contratos autom\u00e1ticos ou facultativos, tanto para os planos proporcionais quanto os n\u00e3o proporcionais, o sistema realiza c\u00e1lculos precisos e \u00e1geis, eliminando a necessidade de processos manuais que s\u00e3o suscet\u00edveis a erros. Al\u00e9m disso, o GIRUS facilita a cria\u00e7\u00e3o de border\u00f4s, documentos fundamentais na comunica\u00e7\u00e3o entre seguradoras e resseguradoras, garantindo que todas as informa\u00e7\u00f5es sejam transmitidas de forma clara e organizada.<br>&nbsp;<br>Outra funcionalidade importante \u00e9 o controle de pend\u00eancias, que permite um monitoramento eficiente de todos os pr\u00eamios pendentes a pagar e tamb\u00e9m dos sinistros a recuperar. Isso assegura que as seguradoras possam gerenciar suas obriga\u00e7\u00f5es de maneira proativa, evitando atrasos e poss\u00edveis penalidades.<br>&nbsp;<br>O GIRUS tamb\u00e9m disponibiliza uma vasta lista de relat\u00f3rios que facilita o acompanhamento da opera\u00e7\u00e3o de resseguro e tomada de decis\u00f5es.<br>&nbsp;<br>O GIRUS foi desenvolvido em conformidade com as normas do setor, auxiliando as empresas a atenderem aos requisitos legais e regulat\u00f3rios. Hoje, \u00e9 reconhecido como uma refer\u00eancia de solidez e confiabilidade no mercado de resseguros, sendo utilizado por diversas seguradoras e resseguradoras para otimizar suas opera\u00e7\u00f5es.<\/p>\n\n\n\n<figure class=\"wp-block-image aligncenter size-full is-resized\"><img loading=\"lazy\" decoding=\"async\" width=\"2000\" height=\"2000\" src=\"https:\/\/confitec.com.br\/girus\/wp-content\/uploads\/2025\/01\/ilustracao-pag-saiba-mais-2.png\" alt=\"\" class=\"wp-image-231\" style=\"width:auto;height:700px\" srcset=\"https:\/\/confitec.com.br\/girus\/wp-content\/uploads\/2025\/01\/ilustracao-pag-saiba-mais-2.png 2000w, https:\/\/confitec.com.br\/girus\/wp-content\/uploads\/2025\/01\/ilustracao-pag-saiba-mais-2-300x300.png 300w, https:\/\/confitec.com.br\/girus\/wp-content\/uploads\/2025\/01\/ilustracao-pag-saiba-mais-2-1024x1024.png 1024w, https:\/\/confitec.com.br\/girus\/wp-content\/uploads\/2025\/01\/ilustracao-pag-saiba-mais-2-150x150.png 150w, https:\/\/confitec.com.br\/girus\/wp-content\/uploads\/2025\/01\/ilustracao-pag-saiba-mais-2-768x768.png 768w, https:\/\/confitec.com.br\/girus\/wp-content\/uploads\/2025\/01\/ilustracao-pag-saiba-mais-2-1536x1536.png 1536w\" sizes=\"auto, (max-width: 2000px) 100vw, 2000px\" \/><\/figure>\n\n\n\n<p style=\"margin-top:24px;font-size:14px\">O GIRUS se destaca como uma ferramenta essencial para seguradoras e resseguradoras, simplificando processos complexos, reduzindo riscos operacionais e financeiros, e proporcionando uma gest\u00e3o mais eficiente e transparente das opera\u00e7\u00f5es de resseguro. Com sua capacidade de automatizar c\u00e1lculos, gerar relat\u00f3rios detalhados e manter a conformidade regulat\u00f3ria, \u00e9 uma solu\u00e7\u00e3o de refer\u00eancia no mercado de resseguros, contribuindo significativamente para a otimiza\u00e7\u00e3o das opera\u00e7\u00f5es e o crescimento sustent\u00e1vel das empresas do setor.<\/p>\n<\/div><\/div>\n","protected":false},"excerpt":{"rendered":"<p>O que \u00e9 o GIRUS? Desde seu lan\u00e7amento, o GIRUS tem se destacado como uma ferramenta essencial para otimizar e [&hellip;]<\/p>\n","protected":false},"author":1,"featured_media":0,"parent":0,"menu_order":0,"comment_status":"closed","ping_status":"closed","template":"","meta":{"_uag_custom_page_level_css":"","site-sidebar-layout":"default","site-content-layout":"","ast-site-content-layout":"","site-content-style":"default","site-sidebar-style":"default","ast-global-header-display":"","ast-banner-title-visibility":"","ast-main-header-display":"","ast-hfb-above-header-display":"","ast-hfb-below-header-display":"","ast-hfb-mobile-header-display":"","site-post-title":"disabled","ast-breadcrumbs-content":"","ast-featured-img":"","footer-sml-layout":"","theme-transparent-header-meta":"","adv-header-id-meta":"","stick-header-meta":"","header-above-stick-meta":"","header-main-stick-meta":"","header-below-stick-meta":"","astra-migrate-meta-layouts":"default","ast-page-background-enabled":"default","ast-page-background-meta":{"desktop":{"background-color":"var(--ast-global-color-4)","background-image":"","background-repeat":"repeat","background-position":"center center","background-size":"auto","background-attachment":"scroll","background-type":"","background-media":"","overlay-type":"","overlay-color":"","overlay-opacity":"","overlay-gradient":""},"tablet":{"background-color":"","background-image":"","background-repeat":"repeat","background-position":"center center","background-size":"auto","background-attachment":"scroll","background-type":"","background-media":"","overlay-type":"","overlay-color":"","overlay-opacity":"","overlay-gradient":""},"mobile":{"background-color":"","background-image":"","background-repeat":"repeat","background-position":"center center","background-size":"auto","background-attachment":"scroll","background-type":"","background-media":"","overlay-type":"","overlay-color":"","overlay-opacity":"","overlay-gradient":""}},"ast-content-background-meta":{"desktop":{"background-color":"var(--ast-global-color-5)","background-image":"","background-repeat":"repeat","background-position":"center center","background-size":"auto","background-attachment":"scroll","background-type":"","background-media":"","overlay-type":"","overlay-color":"","overlay-opacity":"","overlay-gradient":""},"tablet":{"background-color":"var(--ast-global-color-5)","background-image":"","background-repeat":"repeat","background-position":"center center","background-size":"auto","background-attachment":"scroll","background-type":"","background-media":"","overlay-type":"","overlay-color":"","overlay-opacity":"","overlay-gradient":""},"mobile":{"background-color":"var(--ast-global-color-5)","background-image":"","background-repeat":"repeat","background-position":"center center","background-size":"auto","background-attachment":"scroll","background-type":"","background-media":"","overlay-type":"","overlay-color":"","overlay-opacity":"","overlay-gradient":""}},"footnotes":""},"class_list":["post-129","page","type-page","status-publish","hentry"],"uagb_featured_image_src":{"full":false,"thumbnail":false,"medium":false,"medium_large":false,"large":false,"1536x1536":false,"2048x2048":false},"uagb_author_info":{"display_name":"ana.souza","author_link":"https:\/\/confitec.com.br\/girus\/author\/ana-souza\/"},"uagb_comment_info":0,"uagb_excerpt":"O que \u00e9 o GIRUS? Desde seu lan\u00e7amento, o GIRUS tem se destacado como uma ferramenta essencial para otimizar e [&hellip;]","_links":{"self":[{"href":"https:\/\/confitec.com.br\/girus\/wp-json\/wp\/v2\/pages\/129","targetHints":{"allow":["GET"]}}],"collection":[{"href":"https:\/\/confitec.com.br\/girus\/wp-json\/wp\/v2\/pages"}],"about":[{"href":"https:\/\/confitec.com.br\/girus\/wp-json\/wp\/v2\/types\/page"}],"author":[{"embeddable":true,"href":"https:\/\/confitec.com.br\/girus\/wp-json\/wp\/v2\/users\/1"}],"replies":[{"embeddable":true,"href":"https:\/\/confitec.com.br\/girus\/wp-json\/wp\/v2\/comments?post=129"}],"version-history":[{"count":22,"href":"https:\/\/confitec.com.br\/girus\/wp-json\/wp\/v2\/pages\/129\/revisions"}],"predecessor-version":[{"id":232,"href":"https:\/\/confitec.com.br\/girus\/wp-json\/wp\/v2\/pages\/129\/revisions\/232"}],"wp:attachment":[{"href":"https:\/\/confitec.com.br\/girus\/wp-json\/wp\/v2\/media?parent=129"}],"curies":[{"name":"wp","href":"https:\/\/api.w.org\/{rel}","templated":true}]}}